{"id":2290,"date":"2019-01-25T13:41:44","date_gmt":"2019-01-25T13:41:44","guid":{"rendered":"http:\/\/natrue.website.starringjane.com\/our-standard\/"},"modified":"2023-01-20T16:11:16","modified_gmt":"2023-01-20T16:11:16","slug":"our-standard","status":"publish","type":"page","link":"https:\/\/staging.natrue.org\/es\/our-standard\/","title":{"rendered":"Nuestro est\u00e1ndar"},"content":{"rendered":"<p style=\"text-align: justify;\"><span class=\"tlid-translation translation\" lang=\"fr\"><span class=\"\" title=\"\"><span class=\"tlid-translation translation\" lang=\"en\">La certificaci\u00f3n de NATRUE puede aplicarse tanto a materias prima como a productos finales. El proceso es id\u00e9ntico y sigue unos procedimientos de certificaci\u00f3n ampliamente reconocidos. Si es un organismo de certificaci\u00f3n, tiene la oportunidad de convertirse en uno de los Certificadores Aprobados de NATRUE (NAC por sus siglas en ingl\u00e9s).<\/span><\/span><\/span><\/p>\n","protected":false},"excerpt":{"rendered":"<p>La certificaci\u00f3n de NATRUE puede aplicarse tanto a materias prima como a productos finales. El proceso es id\u00e9ntico y sigue unos procedimientos de certificaci\u00f3n ampliamente reconocidos. Si es un organismo de certificaci\u00f3n, tiene la oportunidad de convertirse en uno de los Certificadores Aprobados de NATRUE (NAC por sus siglas en ingl\u00e9s).<\/p>\n","protected":false},"author":1,"featured_media":3928,"parent":0,"menu_order":88,"comment_status":"closed","ping_status":"closed","template":"controllers\/template-parent.php","meta":{"_acf_changed":false,"_relevanssi_hide_post":"","_relevanssi_hide_content":"","_relevanssi_pin_for_all":"","_relevanssi_pin_keywords":"","_relevanssi_unpin_keywords":"","_relevanssi_related_keywords":"","_relevanssi_related_include_ids":"","_relevanssi_related_exclude_ids":"","_relevanssi_related_no_append":"","_relevanssi_related_not_related":"","_relevanssi_related_posts":"","_relevanssi_noindex_reason":"","inline_featured_image":false,"footnotes":""},"class_list":["post-2290","page","type-page","status-publish","has-post-thumbnail","hentry"],"acf":[],"yoast_head":"<!-- This site is optimized with the Yoast SEO plugin v21.9.1 - https:\/\/yoast.com\/wordpress\/plugins\/seo\/ -->\n<title>Nuestro est\u00e1ndar | NATRUE<\/title>\n<meta name=\"robots\" content=\"noindex, follow, max-snippet:-1, max-image-preview:large, max-video-preview:-1\" \/>\n<meta property=\"og:locale\" content=\"es_ES\" \/>\n<meta property=\"og:type\" content=\"article\" \/>\n<meta property=\"og:title\" content=\"Nuestro est\u00e1ndar | NATRUE\" \/>\n<meta property=\"og:description\" content=\"La certificaci\u00f3n de NATRUE puede aplicarse tanto a materias prima como a productos finales. El proceso es id\u00e9ntico y sigue unos procedimientos de certificaci\u00f3n ampliamente reconocidos. Si es un organismo de certificaci\u00f3n, tiene la oportunidad de convertirse en uno de los Certificadores Aprobados de NATRUE (NAC por sus siglas en ingl\u00e9s).\" \/>\n<meta property=\"og:url\" content=\"https:\/\/staging.natrue.org\/es\/our-standard\/\" \/>\n<meta property=\"og:site_name\" content=\"NATRUE\" \/>\n<meta property=\"article:modified_time\" content=\"2023-01-20T16:11:16+00:00\" \/>\n<meta property=\"og:image\" content=\"http:\/\/staging.natrue.org\/uploads\/2019\/06\/NATRUE_certified-world-1-1024x619.jpg\" \/>\n\t<meta property=\"og:image:width\" content=\"1024\" \/>\n\t<meta property=\"og:image:height\" content=\"619\" \/>\n\t<meta property=\"og:image:type\" content=\"image\/jpeg\" \/>\n<meta name=\"twitter:card\" content=\"summary_large_image\" \/>\n<script type=\"application\/ld+json\" class=\"yoast-schema-graph\">{\"@context\":\"https:\/\/schema.org\",\"@graph\":[{\"@type\":\"WebPage\",\"@id\":\"https:\/\/staging.natrue.org\/es\/our-standard\/\",\"url\":\"https:\/\/staging.natrue.org\/es\/our-standard\/\",\"name\":\"Nuestro est\u00e1ndar | NATRUE\",\"isPartOf\":{\"@id\":\"http:\/\/staging.natrue.org\/es\/#website\"},\"datePublished\":\"2019-01-25T13:41:44+00:00\",\"dateModified\":\"2023-01-20T16:11:16+00:00\",\"breadcrumb\":{\"@id\":\"https:\/\/staging.natrue.org\/es\/our-standard\/#breadcrumb\"},\"inLanguage\":\"es-ES\",\"potentialAction\":[{\"@type\":\"ReadAction\",\"target\":[\"https:\/\/staging.natrue.org\/es\/our-standard\/\"]}]},{\"@type\":\"BreadcrumbList\",\"@id\":\"https:\/\/staging.natrue.org\/es\/our-standard\/#breadcrumb\",\"itemListElement\":[{\"@type\":\"ListItem\",\"position\":1,\"name\":\"Home\",\"item\":\"http:\/\/staging.natrue.org\/es\/\"},{\"@type\":\"ListItem\",\"position\":2,\"name\":\"Nuestro est\u00e1ndar\"}]},{\"@type\":\"WebSite\",\"@id\":\"http:\/\/staging.natrue.org\/es\/#website\",\"url\":\"http:\/\/staging.natrue.org\/es\/\",\"name\":\"NATRUE\",\"description\":\"Natural and Organic Cosmetics\",\"potentialAction\":[{\"@type\":\"SearchAction\",\"target\":{\"@type\":\"EntryPoint\",\"urlTemplate\":\"http:\/\/staging.natrue.org\/es\/?s={search_term_string}\"},\"query-input\":\"required name=search_term_string\"}],\"inLanguage\":\"es-ES\"}]}<\/script>\n<!-- \/ Yoast SEO plugin. -->","yoast_head_json":{"title":"Nuestro est\u00e1ndar | NATRUE","robots":{"index":"noindex","follow":"follow","max-snippet":"max-snippet:-1","max-image-preview":"max-image-preview:large","max-video-preview":"max-video-preview:-1"},"og_locale":"es_ES","og_type":"article","og_title":"Nuestro est\u00e1ndar | NATRUE","og_description":"La certificaci\u00f3n de NATRUE puede aplicarse tanto a materias prima como a productos finales. El proceso es id\u00e9ntico y sigue unos procedimientos de certificaci\u00f3n ampliamente reconocidos. Si es un organismo de certificaci\u00f3n, tiene la oportunidad de convertirse en uno de los Certificadores Aprobados de NATRUE (NAC por sus siglas en ingl\u00e9s).","og_url":"https:\/\/staging.natrue.org\/es\/our-standard\/","og_site_name":"NATRUE","article_modified_time":"2023-01-20T16:11:16+00:00","og_image":[{"width":1024,"height":619,"url":"http:\/\/staging.natrue.org\/uploads\/2019\/06\/NATRUE_certified-world-1-1024x619.jpg","type":"image\/jpeg"}],"twitter_card":"summary_large_image","schema":{"@context":"https:\/\/schema.org","@graph":[{"@type":"WebPage","@id":"https:\/\/staging.natrue.org\/es\/our-standard\/","url":"https:\/\/staging.natrue.org\/es\/our-standard\/","name":"Nuestro est\u00e1ndar | NATRUE","isPartOf":{"@id":"http:\/\/staging.natrue.org\/es\/#website"},"datePublished":"2019-01-25T13:41:44+00:00","dateModified":"2023-01-20T16:11:16+00:00","breadcrumb":{"@id":"https:\/\/staging.natrue.org\/es\/our-standard\/#breadcrumb"},"inLanguage":"es-ES","potentialAction":[{"@type":"ReadAction","target":["https:\/\/staging.natrue.org\/es\/our-standard\/"]}]},{"@type":"BreadcrumbList","@id":"https:\/\/staging.natrue.org\/es\/our-standard\/#breadcrumb","itemListElement":[{"@type":"ListItem","position":1,"name":"Home","item":"http:\/\/staging.natrue.org\/es\/"},{"@type":"ListItem","position":2,"name":"Nuestro est\u00e1ndar"}]},{"@type":"WebSite","@id":"http:\/\/staging.natrue.org\/es\/#website","url":"http:\/\/staging.natrue.org\/es\/","name":"NATRUE","description":"Natural and Organic Cosmetics","potentialAction":[{"@type":"SearchAction","target":{"@type":"EntryPoint","urlTemplate":"http:\/\/staging.natrue.org\/es\/?s={search_term_string}"},"query-input":"required name=search_term_string"}],"inLanguage":"es-ES"}]}},"_links":{"self":[{"href":"https:\/\/staging.natrue.org\/es\/wp-json\/wp\/v2\/pages\/2290","targetHints":{"allow":["GET"]}}],"collection":[{"href":"https:\/\/staging.natrue.org\/es\/wp-json\/wp\/v2\/pages"}],"about":[{"href":"https:\/\/staging.natrue.org\/es\/wp-json\/wp\/v2\/types\/page"}],"author":[{"embeddable":true,"href":"https:\/\/staging.natrue.org\/es\/wp-json\/wp\/v2\/users\/1"}],"replies":[{"embeddable":true,"href":"https:\/\/staging.natrue.org\/es\/wp-json\/wp\/v2\/comments?post=2290"}],"version-history":[{"count":3,"href":"https:\/\/staging.natrue.org\/es\/wp-json\/wp\/v2\/pages\/2290\/revisions"}],"predecessor-version":[{"id":16971,"href":"https:\/\/staging.natrue.org\/es\/wp-json\/wp\/v2\/pages\/2290\/revisions\/16971"}],"wp:featuredmedia":[{"embeddable":true,"href":"https:\/\/staging.natrue.org\/es\/wp-json\/wp\/v2\/media\/3928"}],"wp:attachment":[{"href":"https:\/\/staging.natrue.org\/es\/wp-json\/wp\/v2\/media?parent=2290"}],"curies":[{"name":"wp","href":"https:\/\/api.w.org\/{rel}","templated":true}]}}