{"id":2289,"date":"2019-01-25T13:41:20","date_gmt":"2019-01-25T13:41:20","guid":{"rendered":"http:\/\/natrue.website.starringjane.com\/why-us\/"},"modified":"2024-06-12T21:30:41","modified_gmt":"2024-06-12T19:30:41","slug":"why-us","status":"publish","type":"page","link":"https:\/\/staging.natrue.org\/es\/why-us\/","title":{"rendered":"\u00bfPor qu\u00e9 NATRUE?"},"content":{"rendered":"<p style=\"text-align: justify;\">A d\u00eda de hoy a\u00fan no existe una definici\u00f3n regulada para los cosm\u00e9ticos naturales y org\u00e1nicos. \u00danicamente existen est\u00e1ndares privados que deben incluir el requerimiento general que especifica que los productos deben cumplir con el\u00a0<a href=\"https:\/\/eur-lex.europa.eu\/legal-content\/ES\/TXT\/PDF\/?uri=CELEX:32009R1223&amp;from=ES\" target=\"_blank\" rel=\"noopener\">Reglamento (CE) n o 1223\/2009 del Parlamento Europeo y del Consejo, de 30 de noviembre de 2009 sobre los productos cosm\u00e9ticos<\/a>. Los ingredientes org\u00e1nicos est\u00e1n regulados por el\u00a0<a href=\"https:\/\/eur-lex.europa.eu\/legal-content\/ES\/TXT\/PDF\/?uri=CELEX:32007R0834&amp;from=ES\" target=\"_blank\" rel=\"noopener\">Reglamento (CE) n\u00b0 834\/2007 del Consejo, de 28\u00a0de\u00a0junio de\u00a02007 sobre producci\u00f3n y etiquetado de los productos ecol\u00f3gicos<\/a>.<\/p>\n","protected":false},"excerpt":{"rendered":"<p>A d\u00eda de hoy a\u00fan no existe una definici\u00f3n regulada para los cosm\u00e9ticos naturales y org\u00e1nicos. \u00danicamente existen est\u00e1ndares privados que deben incluir el requerimiento general que especifica que los productos deben cumplir con el\u00a0Reglamento (CE) n o 1223\/2009 del Parlamento Europeo y del Consejo, de 30 de noviembre de 2009 sobre los productos cosm\u00e9ticos. Los ingredientes org\u00e1nicos est\u00e1n regulados por el\u00a0Reglamento (CE) n\u00b0 834\/2007 del Consejo, de 28\u00a0de\u00a0junio de\u00a02007 sobre producci\u00f3n y etiquetado de los productos ecol\u00f3gicos.<\/p>\n","protected":false},"author":1,"featured_media":0,"parent":0,"menu_order":115,"comment_status":"closed","ping_status":"closed","template":"controllers\/template-parent.php","meta":{"_acf_changed":false,"_relevanssi_hide_post":"","_relevanssi_hide_content":"","_relevanssi_pin_for_all":"","_relevanssi_pin_keywords":"","_relevanssi_unpin_keywords":"","_relevanssi_related_keywords":"","_relevanssi_related_include_ids":"","_relevanssi_related_exclude_ids":"","_relevanssi_related_no_append":"","_relevanssi_related_not_related":"","_relevanssi_related_posts":"","_relevanssi_noindex_reason":"","inline_featured_image":false,"footnotes":""},"class_list":["post-2289","page","type-page","status-publish","hentry"],"acf":[],"yoast_head":"<!-- This site is optimized with the Yoast SEO plugin v21.9.1 - https:\/\/yoast.com\/wordpress\/plugins\/seo\/ -->\n<title>\u00bfPor qu\u00e9 NATRUE? | NATRUE<\/title>\n<meta name=\"robots\" content=\"noindex, follow, max-snippet:-1, max-image-preview:large, max-video-preview:-1\" \/>\n<meta property=\"og:locale\" content=\"es_ES\" \/>\n<meta property=\"og:type\" content=\"article\" \/>\n<meta property=\"og:title\" content=\"\u00bfPor qu\u00e9 NATRUE? | NATRUE\" \/>\n<meta property=\"og:description\" content=\"A d\u00eda de hoy a\u00fan no existe una definici\u00f3n regulada para los cosm\u00e9ticos naturales y org\u00e1nicos. \u00danicamente existen est\u00e1ndares privados que deben incluir el requerimiento general que especifica que los productos deben cumplir con el\u00a0Reglamento (CE) n o 1223\/2009 del Parlamento Europeo y del Consejo, de 30 de noviembre de 2009 sobre los productos cosm\u00e9ticos. Los ingredientes org\u00e1nicos est\u00e1n regulados por el\u00a0Reglamento (CE) n\u00b0 834\/2007 del Consejo, de 28\u00a0de\u00a0junio de\u00a02007 sobre producci\u00f3n y etiquetado de los productos ecol\u00f3gicos.\" \/>\n<meta property=\"og:url\" content=\"https:\/\/staging.natrue.org\/es\/why-us\/\" \/>\n<meta property=\"og:site_name\" content=\"NATRUE\" \/>\n<meta property=\"article:modified_time\" content=\"2024-06-12T19:30:41+00:00\" \/>\n<meta name=\"twitter:card\" content=\"summary_large_image\" \/>\n<meta name=\"twitter:label1\" content=\"Est. reading time\" \/>\n\t<meta name=\"twitter:data1\" content=\"1 minute\" \/>\n<script type=\"application\/ld+json\" class=\"yoast-schema-graph\">{\"@context\":\"https:\/\/schema.org\",\"@graph\":[{\"@type\":\"WebPage\",\"@id\":\"https:\/\/staging.natrue.org\/es\/why-us\/\",\"url\":\"https:\/\/staging.natrue.org\/es\/why-us\/\",\"name\":\"\u00bfPor qu\u00e9 NATRUE? | NATRUE\",\"isPartOf\":{\"@id\":\"http:\/\/staging.natrue.org\/es\/#website\"},\"datePublished\":\"2019-01-25T13:41:20+00:00\",\"dateModified\":\"2024-06-12T19:30:41+00:00\",\"breadcrumb\":{\"@id\":\"https:\/\/staging.natrue.org\/es\/why-us\/#breadcrumb\"},\"inLanguage\":\"es-ES\",\"potentialAction\":[{\"@type\":\"ReadAction\",\"target\":[\"https:\/\/staging.natrue.org\/es\/why-us\/\"]}]},{\"@type\":\"BreadcrumbList\",\"@id\":\"https:\/\/staging.natrue.org\/es\/why-us\/#breadcrumb\",\"itemListElement\":[{\"@type\":\"ListItem\",\"position\":1,\"name\":\"Home\",\"item\":\"http:\/\/staging.natrue.org\/es\/\"},{\"@type\":\"ListItem\",\"position\":2,\"name\":\"\u00bfPor qu\u00e9 NATRUE?\"}]},{\"@type\":\"WebSite\",\"@id\":\"http:\/\/staging.natrue.org\/es\/#website\",\"url\":\"http:\/\/staging.natrue.org\/es\/\",\"name\":\"NATRUE\",\"description\":\"Natural and Organic Cosmetics\",\"potentialAction\":[{\"@type\":\"SearchAction\",\"target\":{\"@type\":\"EntryPoint\",\"urlTemplate\":\"http:\/\/staging.natrue.org\/es\/?s={search_term_string}\"},\"query-input\":\"required name=search_term_string\"}],\"inLanguage\":\"es-ES\"}]}<\/script>\n<!-- \/ Yoast SEO plugin. -->","yoast_head_json":{"title":"\u00bfPor qu\u00e9 NATRUE? | NATRUE","robots":{"index":"noindex","follow":"follow","max-snippet":"max-snippet:-1","max-image-preview":"max-image-preview:large","max-video-preview":"max-video-preview:-1"},"og_locale":"es_ES","og_type":"article","og_title":"\u00bfPor qu\u00e9 NATRUE? | NATRUE","og_description":"A d\u00eda de hoy a\u00fan no existe una definici\u00f3n regulada para los cosm\u00e9ticos naturales y org\u00e1nicos. \u00danicamente existen est\u00e1ndares privados que deben incluir el requerimiento general que especifica que los productos deben cumplir con el\u00a0Reglamento (CE) n o 1223\/2009 del Parlamento Europeo y del Consejo, de 30 de noviembre de 2009 sobre los productos cosm\u00e9ticos. Los ingredientes org\u00e1nicos est\u00e1n regulados por el\u00a0Reglamento (CE) n\u00b0 834\/2007 del Consejo, de 28\u00a0de\u00a0junio de\u00a02007 sobre producci\u00f3n y etiquetado de los productos ecol\u00f3gicos.","og_url":"https:\/\/staging.natrue.org\/es\/why-us\/","og_site_name":"NATRUE","article_modified_time":"2024-06-12T19:30:41+00:00","twitter_card":"summary_large_image","twitter_misc":{"Est. reading time":"1 minute"},"schema":{"@context":"https:\/\/schema.org","@graph":[{"@type":"WebPage","@id":"https:\/\/staging.natrue.org\/es\/why-us\/","url":"https:\/\/staging.natrue.org\/es\/why-us\/","name":"\u00bfPor qu\u00e9 NATRUE? | NATRUE","isPartOf":{"@id":"http:\/\/staging.natrue.org\/es\/#website"},"datePublished":"2019-01-25T13:41:20+00:00","dateModified":"2024-06-12T19:30:41+00:00","breadcrumb":{"@id":"https:\/\/staging.natrue.org\/es\/why-us\/#breadcrumb"},"inLanguage":"es-ES","potentialAction":[{"@type":"ReadAction","target":["https:\/\/staging.natrue.org\/es\/why-us\/"]}]},{"@type":"BreadcrumbList","@id":"https:\/\/staging.natrue.org\/es\/why-us\/#breadcrumb","itemListElement":[{"@type":"ListItem","position":1,"name":"Home","item":"http:\/\/staging.natrue.org\/es\/"},{"@type":"ListItem","position":2,"name":"\u00bfPor qu\u00e9 NATRUE?"}]},{"@type":"WebSite","@id":"http:\/\/staging.natrue.org\/es\/#website","url":"http:\/\/staging.natrue.org\/es\/","name":"NATRUE","description":"Natural and Organic Cosmetics","potentialAction":[{"@type":"SearchAction","target":{"@type":"EntryPoint","urlTemplate":"http:\/\/staging.natrue.org\/es\/?s={search_term_string}"},"query-input":"required name=search_term_string"}],"inLanguage":"es-ES"}]}},"_links":{"self":[{"href":"https:\/\/staging.natrue.org\/es\/wp-json\/wp\/v2\/pages\/2289","targetHints":{"allow":["GET"]}}],"collection":[{"href":"https:\/\/staging.natrue.org\/es\/wp-json\/wp\/v2\/pages"}],"about":[{"href":"https:\/\/staging.natrue.org\/es\/wp-json\/wp\/v2\/types\/page"}],"author":[{"embeddable":true,"href":"https:\/\/staging.natrue.org\/es\/wp-json\/wp\/v2\/users\/1"}],"replies":[{"embeddable":true,"href":"https:\/\/staging.natrue.org\/es\/wp-json\/wp\/v2\/comments?post=2289"}],"version-history":[{"count":3,"href":"https:\/\/staging.natrue.org\/es\/wp-json\/wp\/v2\/pages\/2289\/revisions"}],"predecessor-version":[{"id":27217,"href":"https:\/\/staging.natrue.org\/es\/wp-json\/wp\/v2\/pages\/2289\/revisions\/27217"}],"wp:attachment":[{"href":"https:\/\/staging.natrue.org\/es\/wp-json\/wp\/v2\/media?parent=2289"}],"curies":[{"name":"wp","href":"https:\/\/api.w.org\/{rel}","templated":true}]}}