{"id":1972,"date":"2019-05-20T12:15:50","date_gmt":"2019-05-20T12:15:50","guid":{"rendered":"http:\/\/natrue.website.starringjane.com\/?page_id=1972"},"modified":"2023-01-20T16:11:09","modified_gmt":"2023-01-20T16:11:09","slug":"quienes-somos","status":"publish","type":"page","link":"https:\/\/staging.natrue.org\/es\/quienes-somos\/","title":{"rendered":"Qui\u00e9nes somos"},"content":{"rendered":"<p style=\"text-align: justify;\">NATRUE es una asociaci\u00f3n internacional sin \u00e1nimo de lucro comprometida con la promoci\u00f3n y la protecci\u00f3n de la Cosm\u00e9tica Natural y Org\u00e1nica a nivel mundial. NATRUE apoya desde su creaci\u00f3n en 2007 a todos los defensores de la Cosm\u00e9tica Natural y Org\u00e1nica y a todos los consumidores, empresas y marcas comprometidos con nuestros altos est\u00e1ndares de calidad e integridad.<\/p>\n","protected":false},"excerpt":{"rendered":"<p>NATRUE es una asociaci\u00f3n internacional sin \u00e1nimo de lucro comprometida con la promoci\u00f3n y la protecci\u00f3n de la Cosm\u00e9tica Natural y Org\u00e1nica a nivel mundial. NATRUE apoya desde su creaci\u00f3n en 2007 a todos los defensores de la Cosm\u00e9tica Natural y Org\u00e1nica y a todos los consumidores, empresas y marcas comprometidos con nuestros altos est\u00e1ndares de calidad e integridad.<\/p>\n","protected":false},"author":2,"featured_media":0,"parent":0,"menu_order":113,"comment_status":"closed","ping_status":"closed","template":"controllers\/template-parent.php","meta":{"_acf_changed":false,"_relevanssi_hide_post":"","_relevanssi_hide_content":"","_relevanssi_pin_for_all":"","_relevanssi_pin_keywords":"","_relevanssi_unpin_keywords":"","_relevanssi_related_keywords":"","_relevanssi_related_include_ids":"","_relevanssi_related_exclude_ids":"","_relevanssi_related_no_append":"","_relevanssi_related_not_related":"","_relevanssi_related_posts":"","_relevanssi_noindex_reason":"","inline_featured_image":false,"footnotes":""},"class_list":["post-1972","page","type-page","status-publish","hentry"],"acf":[],"yoast_head":"<!-- This site is optimized with the Yoast SEO plugin v21.9.1 - https:\/\/yoast.com\/wordpress\/plugins\/seo\/ -->\n<title>Qui\u00e9nes somos | NATRUE<\/title>\n<meta name=\"robots\" content=\"noindex, follow, max-snippet:-1, max-image-preview:large, max-video-preview:-1\" \/>\n<meta property=\"og:locale\" content=\"es_ES\" \/>\n<meta property=\"og:type\" content=\"article\" \/>\n<meta property=\"og:title\" content=\"Qui\u00e9nes somos | NATRUE\" \/>\n<meta property=\"og:description\" content=\"NATRUE es una asociaci\u00f3n internacional sin \u00e1nimo de lucro comprometida con la promoci\u00f3n y la protecci\u00f3n de la Cosm\u00e9tica Natural y Org\u00e1nica a nivel mundial. NATRUE apoya desde su creaci\u00f3n en 2007 a todos los defensores de la Cosm\u00e9tica Natural y Org\u00e1nica y a todos los consumidores, empresas y marcas comprometidos con nuestros altos est\u00e1ndares de calidad e integridad.\" \/>\n<meta property=\"og:url\" content=\"https:\/\/staging.natrue.org\/es\/quienes-somos\/\" \/>\n<meta property=\"og:site_name\" content=\"NATRUE\" \/>\n<meta property=\"article:modified_time\" content=\"2023-01-20T16:11:09+00:00\" \/>\n<meta name=\"twitter:card\" content=\"summary_large_image\" \/>\n<script type=\"application\/ld+json\" class=\"yoast-schema-graph\">{\"@context\":\"https:\/\/schema.org\",\"@graph\":[{\"@type\":\"WebPage\",\"@id\":\"https:\/\/staging.natrue.org\/es\/quienes-somos\/\",\"url\":\"https:\/\/staging.natrue.org\/es\/quienes-somos\/\",\"name\":\"Qui\u00e9nes somos | NATRUE\",\"isPartOf\":{\"@id\":\"http:\/\/staging.natrue.org\/es\/#website\"},\"datePublished\":\"2019-05-20T12:15:50+00:00\",\"dateModified\":\"2023-01-20T16:11:09+00:00\",\"breadcrumb\":{\"@id\":\"https:\/\/staging.natrue.org\/es\/quienes-somos\/#breadcrumb\"},\"inLanguage\":\"es-ES\",\"potentialAction\":[{\"@type\":\"ReadAction\",\"target\":[\"https:\/\/staging.natrue.org\/es\/quienes-somos\/\"]}]},{\"@type\":\"BreadcrumbList\",\"@id\":\"https:\/\/staging.natrue.org\/es\/quienes-somos\/#breadcrumb\",\"itemListElement\":[{\"@type\":\"ListItem\",\"position\":1,\"name\":\"Home\",\"item\":\"http:\/\/staging.natrue.org\/es\/\"},{\"@type\":\"ListItem\",\"position\":2,\"name\":\"Qui\u00e9nes somos\"}]},{\"@type\":\"WebSite\",\"@id\":\"http:\/\/staging.natrue.org\/es\/#website\",\"url\":\"http:\/\/staging.natrue.org\/es\/\",\"name\":\"NATRUE\",\"description\":\"Natural and Organic Cosmetics\",\"potentialAction\":[{\"@type\":\"SearchAction\",\"target\":{\"@type\":\"EntryPoint\",\"urlTemplate\":\"http:\/\/staging.natrue.org\/es\/?s={search_term_string}\"},\"query-input\":\"required name=search_term_string\"}],\"inLanguage\":\"es-ES\"}]}<\/script>\n<!-- \/ Yoast SEO plugin. -->","yoast_head_json":{"title":"Qui\u00e9nes somos | NATRUE","robots":{"index":"noindex","follow":"follow","max-snippet":"max-snippet:-1","max-image-preview":"max-image-preview:large","max-video-preview":"max-video-preview:-1"},"og_locale":"es_ES","og_type":"article","og_title":"Qui\u00e9nes somos | NATRUE","og_description":"NATRUE es una asociaci\u00f3n internacional sin \u00e1nimo de lucro comprometida con la promoci\u00f3n y la protecci\u00f3n de la Cosm\u00e9tica Natural y Org\u00e1nica a nivel mundial. NATRUE apoya desde su creaci\u00f3n en 2007 a todos los defensores de la Cosm\u00e9tica Natural y Org\u00e1nica y a todos los consumidores, empresas y marcas comprometidos con nuestros altos est\u00e1ndares de calidad e integridad.","og_url":"https:\/\/staging.natrue.org\/es\/quienes-somos\/","og_site_name":"NATRUE","article_modified_time":"2023-01-20T16:11:09+00:00","twitter_card":"summary_large_image","schema":{"@context":"https:\/\/schema.org","@graph":[{"@type":"WebPage","@id":"https:\/\/staging.natrue.org\/es\/quienes-somos\/","url":"https:\/\/staging.natrue.org\/es\/quienes-somos\/","name":"Qui\u00e9nes somos | NATRUE","isPartOf":{"@id":"http:\/\/staging.natrue.org\/es\/#website"},"datePublished":"2019-05-20T12:15:50+00:00","dateModified":"2023-01-20T16:11:09+00:00","breadcrumb":{"@id":"https:\/\/staging.natrue.org\/es\/quienes-somos\/#breadcrumb"},"inLanguage":"es-ES","potentialAction":[{"@type":"ReadAction","target":["https:\/\/staging.natrue.org\/es\/quienes-somos\/"]}]},{"@type":"BreadcrumbList","@id":"https:\/\/staging.natrue.org\/es\/quienes-somos\/#breadcrumb","itemListElement":[{"@type":"ListItem","position":1,"name":"Home","item":"http:\/\/staging.natrue.org\/es\/"},{"@type":"ListItem","position":2,"name":"Qui\u00e9nes somos"}]},{"@type":"WebSite","@id":"http:\/\/staging.natrue.org\/es\/#website","url":"http:\/\/staging.natrue.org\/es\/","name":"NATRUE","description":"Natural and Organic Cosmetics","potentialAction":[{"@type":"SearchAction","target":{"@type":"EntryPoint","urlTemplate":"http:\/\/staging.natrue.org\/es\/?s={search_term_string}"},"query-input":"required name=search_term_string"}],"inLanguage":"es-ES"}]}},"_links":{"self":[{"href":"https:\/\/staging.natrue.org\/es\/wp-json\/wp\/v2\/pages\/1972","targetHints":{"allow":["GET"]}}],"collection":[{"href":"https:\/\/staging.natrue.org\/es\/wp-json\/wp\/v2\/pages"}],"about":[{"href":"https:\/\/staging.natrue.org\/es\/wp-json\/wp\/v2\/types\/page"}],"author":[{"embeddable":true,"href":"https:\/\/staging.natrue.org\/es\/wp-json\/wp\/v2\/users\/2"}],"replies":[{"embeddable":true,"href":"https:\/\/staging.natrue.org\/es\/wp-json\/wp\/v2\/comments?post=1972"}],"version-history":[{"count":3,"href":"https:\/\/staging.natrue.org\/es\/wp-json\/wp\/v2\/pages\/1972\/revisions"}],"predecessor-version":[{"id":4569,"href":"https:\/\/staging.natrue.org\/es\/wp-json\/wp\/v2\/pages\/1972\/revisions\/4569"}],"wp:attachment":[{"href":"https:\/\/staging.natrue.org\/es\/wp-json\/wp\/v2\/media?parent=1972"}],"curies":[{"name":"wp","href":"https:\/\/api.w.org\/{rel}","templated":true}]}}