{"id":1364,"date":"2019-01-25T13:41:44","date_gmt":"2019-01-25T13:41:44","guid":{"rendered":"http:\/\/natrue.website.starringjane.com\/our-standard\/"},"modified":"2023-01-20T16:10:36","modified_gmt":"2023-01-20T16:10:36","slug":"our-standard","status":"publish","type":"page","link":"https:\/\/staging.natrue.org\/de\/our-standard\/","title":{"rendered":"Unser Standard"},"content":{"rendered":"<p style=\"text-align: justify;\"><span class=\"tlid-translation translation\" lang=\"fr\"><span class=\"\" title=\"\"><span class=\"tlid-translation translation\" lang=\"en\"><span class=\"tlid-translation translation\" lang=\"de\"><span title=\"\">Die NATRUE-Zertifizierung ist sowohl f\u00fcr Rohstoffe als auch f\u00fcr Endprodukte m\u00f6glich.<\/span> <span title=\"\">Der Prozess ist identisch und folgt allgemein anerkannten Zertifizierungsverfahren.<\/span> Als Zertifizierungsstelle haben Sie die M\u00f6glichkeit, ein von NATRUE zugelassener Zertifizierer (NAC) zu werden.<\/span><\/span><\/span><\/span><\/p>\n","protected":false},"excerpt":{"rendered":"<p>Die NATRUE-Zertifizierung ist sowohl f\u00fcr Rohstoffe als auch f\u00fcr Endprodukte m\u00f6glich. Der Prozess ist identisch und folgt allgemein anerkannten Zertifizierungsverfahren. Als Zertifizierungsstelle haben Sie die M\u00f6glichkeit, ein von NATRUE zugelassener Zertifizierer (NAC) zu werden.<\/p>\n","protected":false},"author":1,"featured_media":3926,"parent":0,"menu_order":88,"comment_status":"closed","ping_status":"closed","template":"controllers\/template-parent.php","meta":{"_acf_changed":false,"_relevanssi_hide_post":"","_relevanssi_hide_content":"","_relevanssi_pin_for_all":"","_relevanssi_pin_keywords":"","_relevanssi_unpin_keywords":"","_relevanssi_related_keywords":"","_relevanssi_related_include_ids":"","_relevanssi_related_exclude_ids":"","_relevanssi_related_no_append":"","_relevanssi_related_not_related":"","_relevanssi_related_posts":"","_relevanssi_noindex_reason":"","inline_featured_image":false,"footnotes":""},"class_list":["post-1364","page","type-page","status-publish","has-post-thumbnail","hentry"],"acf":[],"yoast_head":"<!-- This site is optimized with the Yoast SEO plugin v21.9.1 - https:\/\/yoast.com\/wordpress\/plugins\/seo\/ -->\n<title>Unser Standard | NATRUE<\/title>\n<meta name=\"robots\" content=\"noindex, follow, max-snippet:-1, max-image-preview:large, max-video-preview:-1\" \/>\n<meta property=\"og:locale\" content=\"de_DE\" \/>\n<meta property=\"og:type\" content=\"article\" \/>\n<meta property=\"og:title\" content=\"Unser Standard | NATRUE\" \/>\n<meta property=\"og:description\" content=\"Die NATRUE-Zertifizierung ist sowohl f\u00fcr Rohstoffe als auch f\u00fcr Endprodukte m\u00f6glich. Der Prozess ist identisch und folgt allgemein anerkannten Zertifizierungsverfahren. Als Zertifizierungsstelle haben Sie die M\u00f6glichkeit, ein von NATRUE zugelassener Zertifizierer (NAC) zu werden.\" \/>\n<meta property=\"og:url\" content=\"https:\/\/staging.natrue.org\/de\/our-standard\/\" \/>\n<meta property=\"og:site_name\" content=\"NATRUE\" \/>\n<meta property=\"article:modified_time\" content=\"2023-01-20T16:10:36+00:00\" \/>\n<meta property=\"og:image\" content=\"https:\/\/staging.natrue.org\/uploads\/2019\/06\/NATRUE_certified-world-1-1024x619.jpg\" \/>\n\t<meta property=\"og:image:width\" content=\"1024\" \/>\n\t<meta property=\"og:image:height\" content=\"619\" \/>\n\t<meta property=\"og:image:type\" content=\"image\/jpeg\" \/>\n<meta name=\"twitter:card\" content=\"summary_large_image\" \/>\n<script type=\"application\/ld+json\" class=\"yoast-schema-graph\">{\"@context\":\"https:\/\/schema.org\",\"@graph\":[{\"@type\":\"WebPage\",\"@id\":\"https:\/\/staging.natrue.org\/de\/our-standard\/\",\"url\":\"https:\/\/staging.natrue.org\/de\/our-standard\/\",\"name\":\"Unser Standard | NATRUE\",\"isPartOf\":{\"@id\":\"http:\/\/staging.natrue.org\/de\/#website\"},\"datePublished\":\"2019-01-25T13:41:44+00:00\",\"dateModified\":\"2023-01-20T16:10:36+00:00\",\"breadcrumb\":{\"@id\":\"https:\/\/staging.natrue.org\/de\/our-standard\/#breadcrumb\"},\"inLanguage\":\"de-DE\",\"potentialAction\":[{\"@type\":\"ReadAction\",\"target\":[\"https:\/\/staging.natrue.org\/de\/our-standard\/\"]}]},{\"@type\":\"BreadcrumbList\",\"@id\":\"https:\/\/staging.natrue.org\/de\/our-standard\/#breadcrumb\",\"itemListElement\":[{\"@type\":\"ListItem\",\"position\":1,\"name\":\"Home\",\"item\":\"https:\/\/staging.natrue.org\/de\/\"},{\"@type\":\"ListItem\",\"position\":2,\"name\":\"Unser Standard\"}]},{\"@type\":\"WebSite\",\"@id\":\"http:\/\/staging.natrue.org\/de\/#website\",\"url\":\"http:\/\/staging.natrue.org\/de\/\",\"name\":\"NATRUE\",\"description\":\"Natural and Organic Cosmetics\",\"potentialAction\":[{\"@type\":\"SearchAction\",\"target\":{\"@type\":\"EntryPoint\",\"urlTemplate\":\"http:\/\/staging.natrue.org\/de\/?s={search_term_string}\"},\"query-input\":\"required name=search_term_string\"}],\"inLanguage\":\"de-DE\"}]}<\/script>\n<!-- \/ Yoast SEO plugin. -->","yoast_head_json":{"title":"Unser Standard | NATRUE","robots":{"index":"noindex","follow":"follow","max-snippet":"max-snippet:-1","max-image-preview":"max-image-preview:large","max-video-preview":"max-video-preview:-1"},"og_locale":"de_DE","og_type":"article","og_title":"Unser Standard | NATRUE","og_description":"Die NATRUE-Zertifizierung ist sowohl f\u00fcr Rohstoffe als auch f\u00fcr Endprodukte m\u00f6glich. Der Prozess ist identisch und folgt allgemein anerkannten Zertifizierungsverfahren. Als Zertifizierungsstelle haben Sie die M\u00f6glichkeit, ein von NATRUE zugelassener Zertifizierer (NAC) zu werden.","og_url":"https:\/\/staging.natrue.org\/de\/our-standard\/","og_site_name":"NATRUE","article_modified_time":"2023-01-20T16:10:36+00:00","og_image":[{"width":1024,"height":619,"url":"https:\/\/staging.natrue.org\/uploads\/2019\/06\/NATRUE_certified-world-1-1024x619.jpg","type":"image\/jpeg"}],"twitter_card":"summary_large_image","schema":{"@context":"https:\/\/schema.org","@graph":[{"@type":"WebPage","@id":"https:\/\/staging.natrue.org\/de\/our-standard\/","url":"https:\/\/staging.natrue.org\/de\/our-standard\/","name":"Unser Standard | NATRUE","isPartOf":{"@id":"http:\/\/staging.natrue.org\/de\/#website"},"datePublished":"2019-01-25T13:41:44+00:00","dateModified":"2023-01-20T16:10:36+00:00","breadcrumb":{"@id":"https:\/\/staging.natrue.org\/de\/our-standard\/#breadcrumb"},"inLanguage":"de-DE","potentialAction":[{"@type":"ReadAction","target":["https:\/\/staging.natrue.org\/de\/our-standard\/"]}]},{"@type":"BreadcrumbList","@id":"https:\/\/staging.natrue.org\/de\/our-standard\/#breadcrumb","itemListElement":[{"@type":"ListItem","position":1,"name":"Home","item":"https:\/\/staging.natrue.org\/de\/"},{"@type":"ListItem","position":2,"name":"Unser Standard"}]},{"@type":"WebSite","@id":"http:\/\/staging.natrue.org\/de\/#website","url":"http:\/\/staging.natrue.org\/de\/","name":"NATRUE","description":"Natural and Organic Cosmetics","potentialAction":[{"@type":"SearchAction","target":{"@type":"EntryPoint","urlTemplate":"http:\/\/staging.natrue.org\/de\/?s={search_term_string}"},"query-input":"required name=search_term_string"}],"inLanguage":"de-DE"}]}},"_links":{"self":[{"href":"https:\/\/staging.natrue.org\/de\/wp-json\/wp\/v2\/pages\/1364","targetHints":{"allow":["GET"]}}],"collection":[{"href":"https:\/\/staging.natrue.org\/de\/wp-json\/wp\/v2\/pages"}],"about":[{"href":"https:\/\/staging.natrue.org\/de\/wp-json\/wp\/v2\/types\/page"}],"author":[{"embeddable":true,"href":"https:\/\/staging.natrue.org\/de\/wp-json\/wp\/v2\/users\/1"}],"replies":[{"embeddable":true,"href":"https:\/\/staging.natrue.org\/de\/wp-json\/wp\/v2\/comments?post=1364"}],"version-history":[{"count":2,"href":"https:\/\/staging.natrue.org\/de\/wp-json\/wp\/v2\/pages\/1364\/revisions"}],"predecessor-version":[{"id":16969,"href":"https:\/\/staging.natrue.org\/de\/wp-json\/wp\/v2\/pages\/1364\/revisions\/16969"}],"wp:featuredmedia":[{"embeddable":true,"href":"https:\/\/staging.natrue.org\/de\/wp-json\/wp\/v2\/media\/3926"}],"wp:attachment":[{"href":"https:\/\/staging.natrue.org\/de\/wp-json\/wp\/v2\/media?parent=1364"}],"curies":[{"name":"wp","href":"https:\/\/api.w.org\/{rel}","templated":true}]}}