{"id":1262,"date":"2019-01-25T13:40:55","date_gmt":"2019-01-25T13:40:55","guid":{"rendered":"http:\/\/natrue.website.starringjane.com\/who-we-are\/"},"modified":"2023-01-20T16:10:10","modified_gmt":"2023-01-20T16:10:10","slug":"who-we-are","status":"publish","type":"page","link":"http:\/\/staging.natrue.org\/fr\/who-we-are\/","title":{"rendered":"Qui sommes nous"},"content":{"rendered":"<p style=\"text-align: justify;\"><span class=\"tlid-translation translation\" lang=\"fr\"><span title=\"\">NATRUE est une association internationale \u00e0 but non lucratif bas\u00e9e \u00e0 Bruxelles, engag\u00e9e dans la promotion et la protection des cosm\u00e9tiques naturels et biologiques \u00e0 travers le monde.<\/span> <span class=\"\" title=\"\">Fond\u00e9e en 2007, nous accueillons tous<\/span><\/span><span class=\"tlid-translation translation\" lang=\"fr\"><span class=\"\" title=\"\"> ceux qui adh\u00e8rent \u00e0 notre norme de qualit\u00e9 et \u00e0 nos valeurs.<\/span><\/span><\/p>\n","protected":false},"excerpt":{"rendered":"<p>NATRUE est une association internationale \u00e0 but non lucratif bas\u00e9e \u00e0 Bruxelles, engag\u00e9e dans la promotion et la protection des cosm\u00e9tiques naturels et biologiques \u00e0 travers le monde. Fond\u00e9e en 2007, nous accueillons tous ceux qui adh\u00e8rent \u00e0 notre norme de qualit\u00e9 et \u00e0 nos valeurs.<\/p>\n","protected":false},"author":1,"featured_media":0,"parent":0,"menu_order":113,"comment_status":"closed","ping_status":"closed","template":"controllers\/template-parent.php","meta":{"_acf_changed":false,"_relevanssi_hide_post":"","_relevanssi_hide_content":"","_relevanssi_pin_for_all":"","_relevanssi_pin_keywords":"","_relevanssi_unpin_keywords":"","_relevanssi_related_keywords":"","_relevanssi_related_include_ids":"","_relevanssi_related_exclude_ids":"","_relevanssi_related_no_append":"","_relevanssi_related_not_related":"","_relevanssi_related_posts":"","_relevanssi_noindex_reason":"","inline_featured_image":false,"footnotes":""},"class_list":["post-1262","page","type-page","status-publish","hentry"],"acf":[],"yoast_head":"<!-- This site is optimized with the Yoast SEO plugin v21.9.1 - https:\/\/yoast.com\/wordpress\/plugins\/seo\/ -->\n<title>Qui sommes nous | NATRUE<\/title>\n<meta name=\"robots\" content=\"noindex, follow, max-snippet:-1, max-image-preview:large, max-video-preview:-1\" \/>\n<meta property=\"og:locale\" content=\"fr_FR\" \/>\n<meta property=\"og:type\" content=\"article\" \/>\n<meta property=\"og:title\" content=\"Qui sommes nous | NATRUE\" \/>\n<meta property=\"og:description\" content=\"NATRUE est une association internationale \u00e0 but non lucratif bas\u00e9e \u00e0 Bruxelles, engag\u00e9e dans la promotion et la protection des cosm\u00e9tiques naturels et biologiques \u00e0 travers le monde. Fond\u00e9e en 2007, nous accueillons tous ceux qui adh\u00e8rent \u00e0 notre norme de qualit\u00e9 et \u00e0 nos valeurs.\" \/>\n<meta property=\"og:url\" content=\"http:\/\/staging.natrue.org\/fr\/who-we-are\/\" \/>\n<meta property=\"og:site_name\" content=\"NATRUE\" \/>\n<meta property=\"article:modified_time\" content=\"2023-01-20T16:10:10+00:00\" \/>\n<meta name=\"twitter:card\" content=\"summary_large_image\" \/>\n<script type=\"application\/ld+json\" class=\"yoast-schema-graph\">{\"@context\":\"https:\/\/schema.org\",\"@graph\":[{\"@type\":\"WebPage\",\"@id\":\"http:\/\/staging.natrue.org\/fr\/who-we-are\/\",\"url\":\"http:\/\/staging.natrue.org\/fr\/who-we-are\/\",\"name\":\"Qui sommes nous | NATRUE\",\"isPartOf\":{\"@id\":\"http:\/\/staging.natrue.org\/fr\/#website\"},\"datePublished\":\"2019-01-25T13:40:55+00:00\",\"dateModified\":\"2023-01-20T16:10:10+00:00\",\"breadcrumb\":{\"@id\":\"http:\/\/staging.natrue.org\/fr\/who-we-are\/#breadcrumb\"},\"inLanguage\":\"fr-FR\",\"potentialAction\":[{\"@type\":\"ReadAction\",\"target\":[\"http:\/\/staging.natrue.org\/fr\/who-we-are\/\"]}]},{\"@type\":\"BreadcrumbList\",\"@id\":\"http:\/\/staging.natrue.org\/fr\/who-we-are\/#breadcrumb\",\"itemListElement\":[{\"@type\":\"ListItem\",\"position\":1,\"name\":\"Home\",\"item\":\"https:\/\/staging.natrue.org\/fr\/\"},{\"@type\":\"ListItem\",\"position\":2,\"name\":\"Qui sommes nous\"}]},{\"@type\":\"WebSite\",\"@id\":\"http:\/\/staging.natrue.org\/fr\/#website\",\"url\":\"http:\/\/staging.natrue.org\/fr\/\",\"name\":\"NATRUE\",\"description\":\"Natural and Organic Cosmetics\",\"potentialAction\":[{\"@type\":\"SearchAction\",\"target\":{\"@type\":\"EntryPoint\",\"urlTemplate\":\"http:\/\/staging.natrue.org\/fr\/?s={search_term_string}\"},\"query-input\":\"required name=search_term_string\"}],\"inLanguage\":\"fr-FR\"}]}<\/script>\n<!-- \/ Yoast SEO plugin. -->","yoast_head_json":{"title":"Qui sommes nous | NATRUE","robots":{"index":"noindex","follow":"follow","max-snippet":"max-snippet:-1","max-image-preview":"max-image-preview:large","max-video-preview":"max-video-preview:-1"},"og_locale":"fr_FR","og_type":"article","og_title":"Qui sommes nous | NATRUE","og_description":"NATRUE est une association internationale \u00e0 but non lucratif bas\u00e9e \u00e0 Bruxelles, engag\u00e9e dans la promotion et la protection des cosm\u00e9tiques naturels et biologiques \u00e0 travers le monde. Fond\u00e9e en 2007, nous accueillons tous ceux qui adh\u00e8rent \u00e0 notre norme de qualit\u00e9 et \u00e0 nos valeurs.","og_url":"http:\/\/staging.natrue.org\/fr\/who-we-are\/","og_site_name":"NATRUE","article_modified_time":"2023-01-20T16:10:10+00:00","twitter_card":"summary_large_image","schema":{"@context":"https:\/\/schema.org","@graph":[{"@type":"WebPage","@id":"http:\/\/staging.natrue.org\/fr\/who-we-are\/","url":"http:\/\/staging.natrue.org\/fr\/who-we-are\/","name":"Qui sommes nous | NATRUE","isPartOf":{"@id":"http:\/\/staging.natrue.org\/fr\/#website"},"datePublished":"2019-01-25T13:40:55+00:00","dateModified":"2023-01-20T16:10:10+00:00","breadcrumb":{"@id":"http:\/\/staging.natrue.org\/fr\/who-we-are\/#breadcrumb"},"inLanguage":"fr-FR","potentialAction":[{"@type":"ReadAction","target":["http:\/\/staging.natrue.org\/fr\/who-we-are\/"]}]},{"@type":"BreadcrumbList","@id":"http:\/\/staging.natrue.org\/fr\/who-we-are\/#breadcrumb","itemListElement":[{"@type":"ListItem","position":1,"name":"Home","item":"https:\/\/staging.natrue.org\/fr\/"},{"@type":"ListItem","position":2,"name":"Qui sommes nous"}]},{"@type":"WebSite","@id":"http:\/\/staging.natrue.org\/fr\/#website","url":"http:\/\/staging.natrue.org\/fr\/","name":"NATRUE","description":"Natural and Organic Cosmetics","potentialAction":[{"@type":"SearchAction","target":{"@type":"EntryPoint","urlTemplate":"http:\/\/staging.natrue.org\/fr\/?s={search_term_string}"},"query-input":"required name=search_term_string"}],"inLanguage":"fr-FR"}]}},"_links":{"self":[{"href":"http:\/\/staging.natrue.org\/fr\/wp-json\/wp\/v2\/pages\/1262","targetHints":{"allow":["GET"]}}],"collection":[{"href":"http:\/\/staging.natrue.org\/fr\/wp-json\/wp\/v2\/pages"}],"about":[{"href":"http:\/\/staging.natrue.org\/fr\/wp-json\/wp\/v2\/types\/page"}],"author":[{"embeddable":true,"href":"http:\/\/staging.natrue.org\/fr\/wp-json\/wp\/v2\/users\/1"}],"replies":[{"embeddable":true,"href":"http:\/\/staging.natrue.org\/fr\/wp-json\/wp\/v2\/comments?post=1262"}],"version-history":[{"count":3,"href":"http:\/\/staging.natrue.org\/fr\/wp-json\/wp\/v2\/pages\/1262\/revisions"}],"predecessor-version":[{"id":4567,"href":"http:\/\/staging.natrue.org\/fr\/wp-json\/wp\/v2\/pages\/1262\/revisions\/4567"}],"wp:attachment":[{"href":"http:\/\/staging.natrue.org\/fr\/wp-json\/wp\/v2\/media?parent=1262"}],"curies":[{"name":"wp","href":"https:\/\/api.w.org\/{rel}","templated":true}]}}