{"id":1429,"date":"2019-01-25T13:40:55","date_gmt":"2019-01-25T13:40:55","guid":{"rendered":"http:\/\/natrue.website.starringjane.com\/who-we-are\/"},"modified":"2023-01-20T16:10:29","modified_gmt":"2023-01-20T16:10:29","slug":"who-we-are","status":"publish","type":"page","link":"http:\/\/staging.natrue.org\/de\/who-we-are\/","title":{"rendered":"Wer sind wir"},"content":{"rendered":"<p style=\"text-align: justify;\"><span class=\"tlid-translation translation\" lang=\"de\"><span title=\"\">NATRUE ist eine<\/span><\/span> internationale Non-Profit-Organisation, die sich im <span title=\"\">Br\u00fcssel befindet, und die sich der weltweiten F\u00f6rderung und dem Schutz von Natur- und Biokosmetik als Mission hat.<\/span> <span class=\"\" title=\"\">Seit unserer Gr\u00fcndung im Jahr 2007 bieten wir allen wahren Freunden der Natur- und Biokosmetik ein Zuhause und alle, die\u00a0 sich mit unseren hohen Qualit\u00e4ts- und Integrit\u00e4tsstandards engagiert sind.<\/span><\/p>\n","protected":false},"excerpt":{"rendered":"<p>NATRUE ist eine internationale Non-Profit-Organisation, die sich im Br\u00fcssel befindet, und die sich der weltweiten F\u00f6rderung und dem Schutz von Natur- und Biokosmetik als Mission hat. Seit unserer Gr\u00fcndung im Jahr 2007 bieten wir allen wahren Freunden der Natur- und Biokosmetik ein Zuhause und alle, die\u00a0 sich mit unseren hohen Qualit\u00e4ts- und Integrit\u00e4tsstandards engagiert sind.<\/p>\n","protected":false},"author":1,"featured_media":0,"parent":0,"menu_order":113,"comment_status":"closed","ping_status":"closed","template":"controllers\/template-parent.php","meta":{"_acf_changed":false,"_relevanssi_hide_post":"","_relevanssi_hide_content":"","_relevanssi_pin_for_all":"","_relevanssi_pin_keywords":"","_relevanssi_unpin_keywords":"","_relevanssi_related_keywords":"","_relevanssi_related_include_ids":"","_relevanssi_related_exclude_ids":"","_relevanssi_related_no_append":"","_relevanssi_related_not_related":"","_relevanssi_related_posts":"","_relevanssi_noindex_reason":"","inline_featured_image":false,"footnotes":""},"class_list":["post-1429","page","type-page","status-publish","hentry"],"acf":[],"yoast_head":"<!-- This site is optimized with the Yoast SEO plugin v21.9.1 - https:\/\/yoast.com\/wordpress\/plugins\/seo\/ -->\n<title>Wer sind wir | NATRUE<\/title>\n<meta name=\"robots\" content=\"noindex, follow, max-snippet:-1, max-image-preview:large, max-video-preview:-1\" \/>\n<meta property=\"og:locale\" content=\"de_DE\" \/>\n<meta property=\"og:type\" content=\"article\" \/>\n<meta property=\"og:title\" content=\"Wer sind wir | NATRUE\" \/>\n<meta property=\"og:description\" content=\"NATRUE ist eine internationale Non-Profit-Organisation, die sich im Br\u00fcssel befindet, und die sich der weltweiten F\u00f6rderung und dem Schutz von Natur- und Biokosmetik als Mission hat. Seit unserer Gr\u00fcndung im Jahr 2007 bieten wir allen wahren Freunden der Natur- und Biokosmetik ein Zuhause und alle, die\u00a0 sich mit unseren hohen Qualit\u00e4ts- und Integrit\u00e4tsstandards engagiert sind.\" \/>\n<meta property=\"og:url\" content=\"http:\/\/staging.natrue.org\/de\/who-we-are\/\" \/>\n<meta property=\"og:site_name\" content=\"NATRUE\" \/>\n<meta property=\"article:modified_time\" content=\"2023-01-20T16:10:29+00:00\" \/>\n<meta name=\"twitter:card\" content=\"summary_large_image\" \/>\n<script type=\"application\/ld+json\" class=\"yoast-schema-graph\">{\"@context\":\"https:\/\/schema.org\",\"@graph\":[{\"@type\":\"WebPage\",\"@id\":\"http:\/\/staging.natrue.org\/de\/who-we-are\/\",\"url\":\"http:\/\/staging.natrue.org\/de\/who-we-are\/\",\"name\":\"Wer sind wir | NATRUE\",\"isPartOf\":{\"@id\":\"http:\/\/staging.natrue.org\/de\/#website\"},\"datePublished\":\"2019-01-25T13:40:55+00:00\",\"dateModified\":\"2023-01-20T16:10:29+00:00\",\"breadcrumb\":{\"@id\":\"http:\/\/staging.natrue.org\/de\/who-we-are\/#breadcrumb\"},\"inLanguage\":\"de-DE\",\"potentialAction\":[{\"@type\":\"ReadAction\",\"target\":[\"http:\/\/staging.natrue.org\/de\/who-we-are\/\"]}]},{\"@type\":\"BreadcrumbList\",\"@id\":\"http:\/\/staging.natrue.org\/de\/who-we-are\/#breadcrumb\",\"itemListElement\":[{\"@type\":\"ListItem\",\"position\":1,\"name\":\"Home\",\"item\":\"https:\/\/staging.natrue.org\/de\/\"},{\"@type\":\"ListItem\",\"position\":2,\"name\":\"Wer sind wir\"}]},{\"@type\":\"WebSite\",\"@id\":\"http:\/\/staging.natrue.org\/de\/#website\",\"url\":\"http:\/\/staging.natrue.org\/de\/\",\"name\":\"NATRUE\",\"description\":\"Natural and Organic Cosmetics\",\"potentialAction\":[{\"@type\":\"SearchAction\",\"target\":{\"@type\":\"EntryPoint\",\"urlTemplate\":\"http:\/\/staging.natrue.org\/de\/?s={search_term_string}\"},\"query-input\":\"required name=search_term_string\"}],\"inLanguage\":\"de-DE\"}]}<\/script>\n<!-- \/ Yoast SEO plugin. -->","yoast_head_json":{"title":"Wer sind wir | NATRUE","robots":{"index":"noindex","follow":"follow","max-snippet":"max-snippet:-1","max-image-preview":"max-image-preview:large","max-video-preview":"max-video-preview:-1"},"og_locale":"de_DE","og_type":"article","og_title":"Wer sind wir | NATRUE","og_description":"NATRUE ist eine internationale Non-Profit-Organisation, die sich im Br\u00fcssel befindet, und die sich der weltweiten F\u00f6rderung und dem Schutz von Natur- und Biokosmetik als Mission hat. Seit unserer Gr\u00fcndung im Jahr 2007 bieten wir allen wahren Freunden der Natur- und Biokosmetik ein Zuhause und alle, die\u00a0 sich mit unseren hohen Qualit\u00e4ts- und Integrit\u00e4tsstandards engagiert sind.","og_url":"http:\/\/staging.natrue.org\/de\/who-we-are\/","og_site_name":"NATRUE","article_modified_time":"2023-01-20T16:10:29+00:00","twitter_card":"summary_large_image","schema":{"@context":"https:\/\/schema.org","@graph":[{"@type":"WebPage","@id":"http:\/\/staging.natrue.org\/de\/who-we-are\/","url":"http:\/\/staging.natrue.org\/de\/who-we-are\/","name":"Wer sind wir | NATRUE","isPartOf":{"@id":"http:\/\/staging.natrue.org\/de\/#website"},"datePublished":"2019-01-25T13:40:55+00:00","dateModified":"2023-01-20T16:10:29+00:00","breadcrumb":{"@id":"http:\/\/staging.natrue.org\/de\/who-we-are\/#breadcrumb"},"inLanguage":"de-DE","potentialAction":[{"@type":"ReadAction","target":["http:\/\/staging.natrue.org\/de\/who-we-are\/"]}]},{"@type":"BreadcrumbList","@id":"http:\/\/staging.natrue.org\/de\/who-we-are\/#breadcrumb","itemListElement":[{"@type":"ListItem","position":1,"name":"Home","item":"https:\/\/staging.natrue.org\/de\/"},{"@type":"ListItem","position":2,"name":"Wer sind wir"}]},{"@type":"WebSite","@id":"http:\/\/staging.natrue.org\/de\/#website","url":"http:\/\/staging.natrue.org\/de\/","name":"NATRUE","description":"Natural and Organic Cosmetics","potentialAction":[{"@type":"SearchAction","target":{"@type":"EntryPoint","urlTemplate":"http:\/\/staging.natrue.org\/de\/?s={search_term_string}"},"query-input":"required name=search_term_string"}],"inLanguage":"de-DE"}]}},"_links":{"self":[{"href":"http:\/\/staging.natrue.org\/de\/wp-json\/wp\/v2\/pages\/1429","targetHints":{"allow":["GET"]}}],"collection":[{"href":"http:\/\/staging.natrue.org\/de\/wp-json\/wp\/v2\/pages"}],"about":[{"href":"http:\/\/staging.natrue.org\/de\/wp-json\/wp\/v2\/types\/page"}],"author":[{"embeddable":true,"href":"http:\/\/staging.natrue.org\/de\/wp-json\/wp\/v2\/users\/1"}],"replies":[{"embeddable":true,"href":"http:\/\/staging.natrue.org\/de\/wp-json\/wp\/v2\/comments?post=1429"}],"version-history":[{"count":3,"href":"http:\/\/staging.natrue.org\/de\/wp-json\/wp\/v2\/pages\/1429\/revisions"}],"predecessor-version":[{"id":4566,"href":"http:\/\/staging.natrue.org\/de\/wp-json\/wp\/v2\/pages\/1429\/revisions\/4566"}],"wp:attachment":[{"href":"http:\/\/staging.natrue.org\/de\/wp-json\/wp\/v2\/media?parent=1429"}],"curies":[{"name":"wp","href":"https:\/\/api.w.org\/{rel}","templated":true}]}}